{"id":364,"date":"2020-11-05T16:27:12","date_gmt":"2020-11-05T16:27:12","guid":{"rendered":"http:\/\/design.net2rent.com\/amida\/detalle-del-alojamiento\/"},"modified":"2020-12-31T08:37:56","modified_gmt":"2020-12-31T08:37:56","slug":"detalle-del-alojamiento","status":"publish","type":"page","link":"https:\/\/amidahome.amidaviatges.ad\/es\/detalle-del-alojamiento\/","title":{"rendered":"Detalle del alojamiento"},"content":{"rendered":"\t\t<div data-elementor-type=\"wp-page\" data-elementor-id=\"364\" class=\"elementor elementor-364 elementor-215\" data-elementor-post-type=\"page\">\n\t\t\t\t\t\t<section class=\"elementor-section elementor-top-section elementor-element elementor-element-2a93633 elementor-section-boxed elementor-section-height-default elementor-section-height-default\" data-id=\"2a93633\" data-element_type=\"section\" data-e-type=\"section\">\n\t\t\t\t\t\t<div class=\"elementor-container elementor-column-gap-default\">\n\t\t\t\t\t<div class=\"elementor-column elementor-col-66 elementor-top-column elementor-element elementor-element-0b7a941\" data-id=\"0b7a941\" data-element_type=\"column\" data-e-type=\"column\">\n\t\t\t<div class=\"elementor-widget-wrap elementor-element-populated\">\n\t\t\t\t\t\t<div class=\"elementor-element elementor-element-3adc14b elementor-widget elementor-widget-shortcode\" data-id=\"3adc14b\" data-element_type=\"widget\" data-e-type=\"widget\" data-widget_type=\"shortcode.default\">\n\t\t\t\t\t\t\t<div class=\"elementor-shortcode\"><\/div>\n\t\t\t\t\t\t<\/div>\n\t\t\t\t\t<\/div>\n\t\t<\/div>\n\t\t\t\t<div class=\"elementor-column elementor-col-33 elementor-top-column elementor-element elementor-element-99533fc\" data-id=\"99533fc\" data-element_type=\"column\" data-e-type=\"column\">\n\t\t\t<div class=\"elementor-widget-wrap elementor-element-populated\">\n\t\t\t\t\t\t<section class=\"elementor-section elementor-inner-section elementor-element elementor-element-be9fd8f elementor-section-boxed elementor-section-height-default elementor-section-height-default\" data-id=\"be9fd8f\" data-element_type=\"section\" data-e-type=\"section\">\n\t\t\t\t\t\t<div class=\"elementor-container elementor-column-gap-default\">\n\t\t\t\t\t<div class=\"elementor-column elementor-col-100 elementor-inner-column elementor-element elementor-element-3ef599c\" data-id=\"3ef599c\" data-element_type=\"column\" data-e-type=\"column\">\n\t\t\t<div class=\"elementor-widget-wrap elementor-element-populated\">\n\t\t\t\t\t\t<div class=\"elementor-element elementor-element-01ba253 elementor-widget elementor-widget-shortcode\" data-id=\"01ba253\" data-element_type=\"widget\" data-e-type=\"widget\" data-widget_type=\"shortcode.default\">\n\t\t\t\t\t\t\t<div class=\"elementor-shortcode\"><\/div>\n\t\t\t\t\t\t<\/div>\n\t\t\t\t\t<\/div>\n\t\t<\/div>\n\t\t\t\t\t<\/div>\n\t\t<\/section>\n\t\t\t\t<section class=\"elementor-section elementor-inner-section elementor-element elementor-element-e1b95a5 elementor-section-boxed elementor-section-height-default elementor-section-height-default\" data-id=\"e1b95a5\" data-element_type=\"section\" data-e-type=\"section\">\n\t\t\t\t\t\t<div class=\"elementor-container elementor-column-gap-default\">\n\t\t\t\t\t<div class=\"elementor-column elementor-col-100 elementor-inner-column elementor-element elementor-element-7d61973\" data-id=\"7d61973\" data-element_type=\"column\" data-e-type=\"column\">\n\t\t\t<div class=\"elementor-widget-wrap elementor-element-populated\">\n\t\t\t\t\t\t<div class=\"elementor-element elementor-element-6ec8640 elementor-widget elementor-widget-shortcode\" data-id=\"6ec8640\" data-element_type=\"widget\" data-e-type=\"widget\" data-widget_type=\"shortcode.default\">\n\t\t\t\t\t\t\t<div class=\"elementor-shortcode\"><\/div>\n\t\t\t\t\t\t<\/div>\n\t\t\t\t\t<\/div>\n\t\t<\/div>\n\t\t\t\t\t<\/div>\n\t\t<\/section>\n\t\t\t\t\t<\/div>\n\t\t<\/div>\n\t\t\t\t\t<\/div>\n\t\t<\/section>\n\t\t\t\t<section class=\"elementor-section elementor-top-section elementor-element elementor-element-df9556f elementor-section-boxed elementor-section-height-default elementor-section-height-default\" data-id=\"df9556f\" data-element_type=\"section\" data-e-type=\"section\">\n\t\t\t\t\t\t<div class=\"elementor-container elementor-column-gap-default\">\n\t\t\t\t\t<div class=\"elementor-column elementor-col-100 elementor-top-column elementor-element elementor-element-739a56e\" data-id=\"739a56e\" data-element_type=\"column\" data-e-type=\"column\">\n\t\t\t<div class=\"elementor-widget-wrap elementor-element-populated\">\n\t\t\t\t\t\t<div class=\"elementor-element elementor-element-2efc81b elementor-widget elementor-widget-shortcode\" data-id=\"2efc81b\" data-element_type=\"widget\" data-e-type=\"widget\" data-widget_type=\"shortcode.default\">\n\t\t\t\t\t\t\t<div class=\"elementor-shortcode\"><\/div>\n\t\t\t\t\t\t<\/div>\n\t\t\t\t\t<\/div>\n\t\t<\/div>\n\t\t\t\t\t<\/div>\n\t\t<\/section>\n\t\t\t\t<\/div>\n\t\t","protected":false},"excerpt":{"rendered":"","protected":false},"author":1,"featured_media":102,"parent":0,"menu_order":0,"comment_status":"closed","ping_status":"closed","template":"","meta":{"footnotes":""},"class_list":["post-364","page","type-page","status-publish","has-post-thumbnail","hentry"],"yoast_head":"<!-- This site is optimized with the Yoast SEO plugin v27.4 - https:\/\/yoast.com\/product\/yoast-seo-wordpress\/ -->\n<title>Detalle del alojamiento - A Mida Home - Alquiler Tur\u00edstico en Andorra<\/title>\n<meta name=\"description\" content=\"A Mida Home - Alquiler tur\u00edstico en Andorra. Descubra los mejores alojamientos en Andorra para sus vacaciones, junto a las pistas de esqu\u00ed y cerca del centro comercial.\" \/>\n<meta name=\"robots\" content=\"index, follow, max-snippet:-1, max-image-preview:large, max-video-preview:-1\" \/>\n<link rel=\"canonical\" href=\"https:\/\/amidahome.amidaviatges.ad\/es\/detalle-del-alojamiento\/\" \/>\n<meta property=\"og:locale\" content=\"es_ES\" \/>\n<meta property=\"og:type\" content=\"article\" \/>\n<meta property=\"og:title\" content=\"Detalle del alojamiento - A Mida Home - Alquiler Tur\u00edstico en Andorra\" \/>\n<meta property=\"og:description\" content=\"A Mida Home - Alquiler tur\u00edstico en Andorra. Descubra los mejores alojamientos en Andorra para sus vacaciones, junto a las pistas de esqu\u00ed y cerca del centro comercial.\" \/>\n<meta property=\"og:url\" content=\"https:\/\/amidahome.amidaviatges.ad\/es\/detalle-del-alojamiento\/\" \/>\n<meta property=\"og:site_name\" content=\"A Mida Home - Alquiler Tur\u00edstico en Andorra\" \/>\n<meta property=\"article:modified_time\" content=\"2020-12-31T08:37:56+00:00\" \/>\n<meta property=\"og:image\" content=\"https:\/\/amidahome.amidaviatges.ad\/wp-content\/uploads\/2020\/10\/Amida-rrss.jpg\" \/>\n\t<meta property=\"og:image:width\" content=\"1280\" \/>\n\t<meta property=\"og:image:height\" content=\"720\" \/>\n\t<meta property=\"og:image:type\" content=\"image\/jpeg\" \/>\n<meta name=\"twitter:card\" content=\"summary_large_image\" \/>\n<script type=\"application\/ld+json\" class=\"yoast-schema-graph\">{\"@context\":\"https:\\\/\\\/schema.org\",\"@graph\":[{\"@type\":\"WebPage\",\"@id\":\"https:\\\/\\\/amidahome.amidaviatges.ad\\\/es\\\/detalle-del-alojamiento\\\/\",\"url\":\"https:\\\/\\\/amidahome.amidaviatges.ad\\\/es\\\/detalle-del-alojamiento\\\/\",\"name\":\"Detalle del alojamiento - A Mida Home - Alquiler Tur\u00edstico en Andorra\",\"isPartOf\":{\"@id\":\"https:\\\/\\\/amidahome.amidaviatges.ad\\\/es\\\/#website\"},\"primaryImageOfPage\":{\"@id\":\"https:\\\/\\\/amidahome.amidaviatges.ad\\\/es\\\/detalle-del-alojamiento\\\/#primaryimage\"},\"image\":{\"@id\":\"https:\\\/\\\/amidahome.amidaviatges.ad\\\/es\\\/detalle-del-alojamiento\\\/#primaryimage\"},\"thumbnailUrl\":\"https:\\\/\\\/amidahome.amidaviatges.ad\\\/wp-content\\\/uploads\\\/2020\\\/10\\\/Amida-rrss.jpg\",\"datePublished\":\"2020-11-05T16:27:12+00:00\",\"dateModified\":\"2020-12-31T08:37:56+00:00\",\"description\":\"A Mida Home - Alquiler tur\u00edstico en Andorra. Descubra los mejores alojamientos en Andorra para sus vacaciones, junto a las pistas de esqu\u00ed y cerca del centro comercial.\",\"breadcrumb\":{\"@id\":\"https:\\\/\\\/amidahome.amidaviatges.ad\\\/es\\\/detalle-del-alojamiento\\\/#breadcrumb\"},\"inLanguage\":\"es\",\"potentialAction\":[{\"@type\":\"ReadAction\",\"target\":[\"https:\\\/\\\/amidahome.amidaviatges.ad\\\/es\\\/detalle-del-alojamiento\\\/\"]}]},{\"@type\":\"BreadcrumbList\",\"@id\":\"https:\\\/\\\/amidahome.amidaviatges.ad\\\/es\\\/detalle-del-alojamiento\\\/#breadcrumb\",\"itemListElement\":[{\"@type\":\"ListItem\",\"position\":1,\"name\":\"Home\",\"item\":\"https:\\\/\\\/amidahome.amidaviatges.ad\\\/es\\\/\"},{\"@type\":\"ListItem\",\"position\":2,\"name\":\"Detalle del alojamiento\"}]},{\"@type\":\"WebSite\",\"@id\":\"https:\\\/\\\/amidahome.amidaviatges.ad\\\/es\\\/#website\",\"url\":\"https:\\\/\\\/amidahome.amidaviatges.ad\\\/es\\\/\",\"name\":\"A Mida Home - Alquiler Tur\u00edstico en Andorra\",\"description\":\"Los mejores alojamientos en Andorra\",\"publisher\":{\"@id\":\"https:\\\/\\\/amidahome.amidaviatges.ad\\\/es\\\/#organization\"},\"potentialAction\":[{\"@type\":\"SearchAction\",\"target\":{\"@type\":\"EntryPoint\",\"urlTemplate\":\"https:\\\/\\\/amidahome.amidaviatges.ad\\\/resultats-de-cerca\\\/?search_text={search_term_string}\"},\"query-input\":{\"@type\":\"PropertyValueSpecification\",\"valueRequired\":true,\"valueName\":\"search_term_string\"}}],\"inLanguage\":\"es\"},{\"@type\":\"Organization\",\"@id\":\"https:\\\/\\\/amidahome.amidaviatges.ad\\\/es\\\/#organization\",\"name\":\"A Mida Home - Alquiler Tur\u00edstico en Andorra\",\"url\":\"https:\\\/\\\/amidahome.amidaviatges.ad\\\/es\\\/\",\"logo\":{\"@type\":\"ImageObject\",\"inLanguage\":\"es\",\"@id\":\"https:\\\/\\\/amidahome.amidaviatges.ad\\\/es\\\/#\\\/schema\\\/logo\\\/image\\\/\",\"url\":\"https:\\\/\\\/amidahome.amidaviatges.ad\\\/wp-content\\\/uploads\\\/2020\\\/10\\\/cropped-AmidaHome.png\",\"contentUrl\":\"https:\\\/\\\/amidahome.amidaviatges.ad\\\/wp-content\\\/uploads\\\/2020\\\/10\\\/cropped-AmidaHome.png\",\"width\":777,\"height\":296,\"caption\":\"A Mida Home - Alquiler Tur\u00edstico en Andorra\"},\"image\":{\"@id\":\"https:\\\/\\\/amidahome.amidaviatges.ad\\\/es\\\/#\\\/schema\\\/logo\\\/image\\\/\"}}]}<\/script>\n<!-- \/ Yoast SEO plugin. -->","yoast_head_json":{"title":"Detalle del alojamiento - A Mida Home - Alquiler Tur\u00edstico en Andorra","description":"A Mida Home - Alquiler tur\u00edstico en Andorra. Descubra los mejores alojamientos en Andorra para sus vacaciones, junto a las pistas de esqu\u00ed y cerca del centro comercial.","robots":{"index":"index","follow":"follow","max-snippet":"max-snippet:-1","max-image-preview":"max-image-preview:large","max-video-preview":"max-video-preview:-1"},"canonical":"https:\/\/amidahome.amidaviatges.ad\/es\/detalle-del-alojamiento\/","og_locale":"es_ES","og_type":"article","og_title":"Detalle del alojamiento - A Mida Home - Alquiler Tur\u00edstico en Andorra","og_description":"A Mida Home - Alquiler tur\u00edstico en Andorra. Descubra los mejores alojamientos en Andorra para sus vacaciones, junto a las pistas de esqu\u00ed y cerca del centro comercial.","og_url":"https:\/\/amidahome.amidaviatges.ad\/es\/detalle-del-alojamiento\/","og_site_name":"A Mida Home - Alquiler Tur\u00edstico en Andorra","article_modified_time":"2020-12-31T08:37:56+00:00","og_image":[{"width":1280,"height":720,"url":"https:\/\/amidahome.amidaviatges.ad\/wp-content\/uploads\/2020\/10\/Amida-rrss.jpg","type":"image\/jpeg"}],"twitter_card":"summary_large_image","schema":{"@context":"https:\/\/schema.org","@graph":[{"@type":"WebPage","@id":"https:\/\/amidahome.amidaviatges.ad\/es\/detalle-del-alojamiento\/","url":"https:\/\/amidahome.amidaviatges.ad\/es\/detalle-del-alojamiento\/","name":"Detalle del alojamiento - A Mida Home - Alquiler Tur\u00edstico en Andorra","isPartOf":{"@id":"https:\/\/amidahome.amidaviatges.ad\/es\/#website"},"primaryImageOfPage":{"@id":"https:\/\/amidahome.amidaviatges.ad\/es\/detalle-del-alojamiento\/#primaryimage"},"image":{"@id":"https:\/\/amidahome.amidaviatges.ad\/es\/detalle-del-alojamiento\/#primaryimage"},"thumbnailUrl":"https:\/\/amidahome.amidaviatges.ad\/wp-content\/uploads\/2020\/10\/Amida-rrss.jpg","datePublished":"2020-11-05T16:27:12+00:00","dateModified":"2020-12-31T08:37:56+00:00","description":"A Mida Home - Alquiler tur\u00edstico en Andorra. Descubra los mejores alojamientos en Andorra para sus vacaciones, junto a las pistas de esqu\u00ed y cerca del centro comercial.","breadcrumb":{"@id":"https:\/\/amidahome.amidaviatges.ad\/es\/detalle-del-alojamiento\/#breadcrumb"},"inLanguage":"es","potentialAction":[{"@type":"ReadAction","target":["https:\/\/amidahome.amidaviatges.ad\/es\/detalle-del-alojamiento\/"]}]},{"@type":"BreadcrumbList","@id":"https:\/\/amidahome.amidaviatges.ad\/es\/detalle-del-alojamiento\/#breadcrumb","itemListElement":[{"@type":"ListItem","position":1,"name":"Home","item":"https:\/\/amidahome.amidaviatges.ad\/es\/"},{"@type":"ListItem","position":2,"name":"Detalle del alojamiento"}]},{"@type":"WebSite","@id":"https:\/\/amidahome.amidaviatges.ad\/es\/#website","url":"https:\/\/amidahome.amidaviatges.ad\/es\/","name":"A Mida Home - Alquiler Tur\u00edstico en Andorra","description":"Los mejores alojamientos en Andorra","publisher":{"@id":"https:\/\/amidahome.amidaviatges.ad\/es\/#organization"},"potentialAction":[{"@type":"SearchAction","target":{"@type":"EntryPoint","urlTemplate":"https:\/\/amidahome.amidaviatges.ad\/resultats-de-cerca\/?search_text={search_term_string}"},"query-input":{"@type":"PropertyValueSpecification","valueRequired":true,"valueName":"search_term_string"}}],"inLanguage":"es"},{"@type":"Organization","@id":"https:\/\/amidahome.amidaviatges.ad\/es\/#organization","name":"A Mida Home - Alquiler Tur\u00edstico en Andorra","url":"https:\/\/amidahome.amidaviatges.ad\/es\/","logo":{"@type":"ImageObject","inLanguage":"es","@id":"https:\/\/amidahome.amidaviatges.ad\/es\/#\/schema\/logo\/image\/","url":"https:\/\/amidahome.amidaviatges.ad\/wp-content\/uploads\/2020\/10\/cropped-AmidaHome.png","contentUrl":"https:\/\/amidahome.amidaviatges.ad\/wp-content\/uploads\/2020\/10\/cropped-AmidaHome.png","width":777,"height":296,"caption":"A Mida Home - Alquiler Tur\u00edstico en Andorra"},"image":{"@id":"https:\/\/amidahome.amidaviatges.ad\/es\/#\/schema\/logo\/image\/"}}]}},"_links":{"self":[{"href":"https:\/\/amidahome.amidaviatges.ad\/es\/wp-json\/wp\/v2\/pages\/364","targetHints":{"allow":["GET"]}}],"collection":[{"href":"https:\/\/amidahome.amidaviatges.ad\/es\/wp-json\/wp\/v2\/pages"}],"about":[{"href":"https:\/\/amidahome.amidaviatges.ad\/es\/wp-json\/wp\/v2\/types\/page"}],"author":[{"embeddable":true,"href":"https:\/\/amidahome.amidaviatges.ad\/es\/wp-json\/wp\/v2\/users\/1"}],"replies":[{"embeddable":true,"href":"https:\/\/amidahome.amidaviatges.ad\/es\/wp-json\/wp\/v2\/comments?post=364"}],"version-history":[{"count":5,"href":"https:\/\/amidahome.amidaviatges.ad\/es\/wp-json\/wp\/v2\/pages\/364\/revisions"}],"predecessor-version":[{"id":635,"href":"https:\/\/amidahome.amidaviatges.ad\/es\/wp-json\/wp\/v2\/pages\/364\/revisions\/635"}],"wp:featuredmedia":[{"embeddable":true,"href":"https:\/\/amidahome.amidaviatges.ad\/es\/wp-json\/wp\/v2\/media\/102"}],"wp:attachment":[{"href":"https:\/\/amidahome.amidaviatges.ad\/es\/wp-json\/wp\/v2\/media?parent=364"}],"curies":[{"name":"wp","href":"https:\/\/api.w.org\/{rel}","templated":true}]}}