{"id":1630,"date":"2025-01-16T14:50:15","date_gmt":"2025-01-16T14:50:15","guid":{"rendered":"https:\/\/amidahome.amidaviatges.ad\/conditions-generales-et-confidentialite\/"},"modified":"2025-01-16T14:50:15","modified_gmt":"2025-01-16T14:50:15","slug":"conditions-generales-et-confidentialite","status":"publish","type":"page","link":"https:\/\/amidahome.amidaviatges.ad\/fr\/conditions-generales-et-confidentialite\/","title":{"rendered":"Conditions g\u00e9n\u00e9rales et confidentialit\u00e9"},"content":{"rendered":"\t\t<div data-elementor-type=\"wp-page\" data-elementor-id=\"1630\" class=\"elementor elementor-1630 elementor-1285\" data-elementor-post-type=\"page\">\n\t\t\t\t\t\t<section class=\"elementor-section elementor-top-section elementor-element elementor-element-10bbfb4 elementor-section-full_width elementor-section-height-default elementor-section-height-default\" data-id=\"10bbfb4\" data-element_type=\"section\" data-e-type=\"section\">\n\t\t\t\t\t\t<div class=\"elementor-container elementor-column-gap-default\">\n\t\t\t\t\t<div class=\"elementor-column elementor-col-100 elementor-top-column elementor-element elementor-element-551aeef\" data-id=\"551aeef\" data-element_type=\"column\" data-e-type=\"column\">\n\t\t\t<div class=\"elementor-widget-wrap elementor-element-populated\">\n\t\t\t\t\t\t<div class=\"elementor-element elementor-element-cab6adf elementor-widget elementor-widget-shortcode\" data-id=\"cab6adf\" data-element_type=\"widget\" data-e-type=\"widget\" data-widget_type=\"shortcode.default\">\n\t\t\t\t\t\t\t<div class=\"elementor-shortcode\"><h4>Conditions de location<\/h4><div><p class=\"MsoNormal\" style=\"text-align: justify;\"><span lang=\"FR\" style=\"font-size: 10.0pt; line-height: 107%; font-family: 'Tahoma',sans-serif; mso-ansi-language: FR;\">Ce site est disponible gratuitement pour votre usage personnel, selon les conditions d\u00e9finies ci-dessous. Votre utilisation de cette page implique votre acceptation pleine et enti\u00e8re de toutes les conditions d'utilisation.<\/span><\/p>\r\n<p class=\"MsoNormal\" style=\"text-align: justify;\"><span lang=\"FR\" style=\"font-size: 10.0pt; line-height: 107%; font-family: 'Tahoma',sans-serif; mso-ansi-language: FR;\">Vous ne pouvez utiliser ce site Web que si vous avez plus de 18 ans et \u00eates autoris\u00e9 \u00e0 signer des contrats qui compromettent votre responsabilit\u00e9 (l'utilisation de ce site Web est interdite aux personnes de moins de 18 ans). Vous serez financi\u00e8rement responsable de toutes les utilisations que vous faites du site Web.<\/span><\/p>\r\n<p class=\"MsoNormal\" style=\"text-align: justify;\"><span lang=\"FR\" style=\"font-size: 10.0pt; line-height: 107%; font-family: 'Tahoma',sans-serif; mso-ansi-language: FR;\">Vous ne pouvez utiliser le site Web que pour effectuer des r\u00e9servations ou des achats \u00e0 des fins l\u00e9gitimes. Cette page est destin\u00e9e, en particulier, \u00e0 la r\u00e9servation de s\u00e9jours et d'activit\u00e9s. Aucune utilisation ou d\u00e9tournement de finalit\u00e9 n'est autoris\u00e9e, notamment \u00e0 des fins contraires \u00e0 l'ordre public et aux bonnes m\u0153urs.<\/span><\/p>\r\n<p class=\"MsoNormal\" style=\"text-align: justify;\"><span lang=\"FR\" style=\"font-size: 10.0pt; line-height: 107%; font-family: 'Tahoma',sans-serif; mso-ansi-language: FR;\">Dans le cas o\u00f9 ces conditions ne seraient pas respect\u00e9es, nous nous r\u00e9servons le droit d'interdire ou de restreindre, \u00e0 tout moment et sans pr\u00e9avis, votre acc\u00e8s total ou partiel \u00e0 la page sans pr\u00e9judice de tout dommage.<\/span><\/p>\r\n<p class=\"MsoNormal\" style=\"text-align: justify;\"><span lang=\"FR\" style=\"font-size: 10.0pt; line-height: 107%; font-family: 'Tahoma',sans-serif; mso-ansi-language: FR;\">Arriv\u00e9e : Heure d\u2019arriv\u00e9e : 17h00 - Heure de fin d\u2019enregistrement : 19h00 - \u00c2ge minimum d\u2019enregistrement : 18 ans. Instructions sp\u00e9ciales d\u2019entr\u00e9e : Les cl\u00e9s sont remises \u00e0 notre agence situ\u00e9e Carrer de la Aig\u00fceta, 22 - 1er \u00e9tage - Dtx. 2 - d'Andorre-la-Vieille. Nos heures de bureau sont de 9h00 \u00e0 13h00 et de 15h00 \u00e0 19h00, tous les jours de la semaine sauf le dimanche (9h00 \u00e0 13h00).<\/span><\/p>\r\n<p class=\"MsoNormal\" style=\"text-align: justify;\"><span lang=\"FR\" style=\"font-size: 10.0pt; line-height: 107%; font-family: 'Tahoma',sans-serif; mso-ansi-language: FR;\">Il est obligatoire d'informer de l'heure approximative de votre arriv\u00e9e 24 heures \u00e0 l'avance par Whats App (+376 329 610) ou par courrier. Nous vous indiquerons comment r\u00e9cup\u00e9rer les cl\u00e9s de votre appartement. Le jour de votre arriv\u00e9e, vous pouvez occuper l'appartement \u00e0 partir de 17h00. Si nous arrivions avant cette heure et que l'appartement \u00e9tait pr\u00eat, nous n'aurions aucun probl\u00e8me \u00e0 remettre les cl\u00e9s. V\u00e9rifiez avec nous. Nous demanderons une caution de 250 \u20ac pour assurer le bon usage et l'entretien de l'appartement, du mobilier et des ustensiles. Cette caution vous sera restitu\u00e9e au moment du d\u00e9part une fois l'\u00e9tat correct de l'appartement v\u00e9rifi\u00e9. Vous devez pr\u00e9senter un document (pi\u00e8ce d'identit\u00e9 ou passeport) de chacune des personnes qui occuperont l'appartement.<\/span><\/p>\r\n<p class=\"MsoNormal\" style=\"text-align: justify;\"><span lang=\"FR\" style=\"font-size: 10.0pt; line-height: 107%; font-family: 'Tahoma',sans-serif; mso-ansi-language: FR;\">Nettoyage de votre appartement : Nous vous remettons l'appartement propre et v\u00e9rifi\u00e9 par notre femme de m\u00e9nage. Si, en entrant dans l'appartement, vous trouvez quelque chose d'incorrect ou de propre, veuillez le signaler \u00e0 notre application Wats afin que nous puissions le corriger. Une fois dans votre appartement, le m\u00e9nage se fait par eux-m\u00eames, ils ont un pack de bienvenue avec d\u00e9tergent et ustensiles de nettoyage. Veuillez garder et garder l'appartement en bon \u00e9tat et d\u00e9poser les ordures dans les poubelles. Le jour de son d\u00e9part, nous irons le revoir. Pour les s\u00e9jours de plus de 7 nuits, un nettoyage gratuit de l'appartement, et non de la cuisine, avec changement des draps et des serviettes est inclus.<\/span><\/p>\r\n<p class=\"MsoNormal\" style=\"text-align: justify;\"><span lang=\"FR\" style=\"font-size: 10.0pt; line-height: 107%; font-family: 'Tahoma',sans-serif; mso-ansi-language: FR;\">D\u00e9part : Heure de d\u00e9part : 10h00. Le jour du d\u00e9part, vous devez quitter l'appartement avant 10h00. Avertissez par Wats App en cas de retard. Vous pouvez partir plus tard si la disponibilit\u00e9 le permet et toujours avant 19h00 en payant 25 \u20ac. Nous v\u00e9rifierons votre appartement, ce que nous appr\u00e9cierons s'il est ramass\u00e9 et nettoy\u00e9, sans d\u00e9chets, avec les draps dans la baignoire et la cuisine ramass\u00e9s et nettoy\u00e9s. Si vous ne laissez pas la cuisine propre et rang\u00e9e, vous serez factur\u00e9 25 \u20ac.<\/span><\/p>\r\n<p class=\"MsoNormal\" style=\"text-align: justify;\"><span lang=\"FR\" style=\"font-size: 10.0pt; line-height: 107%; font-family: 'Tahoma',sans-serif; mso-ansi-language: FR;\">Le prix comprend : eau, \u00e9lectricit\u00e9, chauffage, wifi et 4,5% IGI. Balai, b\u00e2ton de ramassage, b\u00e2ton \u00e0 r\u00e9curer, kit de nettoyage \u00e0 l'arriv\u00e9e, rouleau de papier toilette. Appareils \u00e9lectrom\u00e9nagers : four, micro-ondes, cafeti\u00e8re, grille-pain, bouilloire, lave-linge. Ustensiles et ustensiles de cuisine. L'appartement est propre \u00e0 l'arriv\u00e9e, avec un ensemble de linge de lit et des couvertures ou des couettes. Pour les s\u00e9jours de plus de 7 nuits, un nettoyage de l'appartement, sauf la cuisine, avec changement des draps et serviettes. Services disponibles \u00e0 un co\u00fbt suppl\u00e9mentaire : Lit b\u00e9b\u00e9, M\u00e9nage suppl\u00e9mentaire, D\u00e9part tardif.<\/span><\/p>\r\n<p class=\"MsoNormal\" style=\"text-align: justify;\"><span lang=\"FR\" style=\"font-size: 10.0pt; line-height: 107%; font-family: 'Tahoma',sans-serif; mso-ansi-language: FR;\">R\u00e8gles de conduite : Merci de respecter le silence entre 22h et 10h. Aucune f\u00eate ou r\u00e9union ne peut avoir lieu dans l'appartement qui cause des inconv\u00e9nients aux autres locataires. La consommation de drogues dans les appartements et les espaces communs est interdite. Il est interdit de fumer sur les \u00e9tages. Il est interdit de monter des skis ou des planches de surf sur les sols. En cas de plaintes r\u00e9p\u00e9t\u00e9es concernant un bruit excessif ou un comportement g\u00eanant, nous nous r\u00e9servons le droit de vous expulser de votre appartement et \/ ou d'en informer la police, sans remboursement du paiement effectu\u00e9 ni de l'acompte.<\/span><\/p>\r\n<p class=\"MsoNormal\" style=\"text-align: justify;\"><span lang=\"FR\" style=\"font-size: 10.0pt; line-height: 107%; font-family: 'Tahoma',sans-serif; mso-ansi-language: FR;\">Paiement : Pour payer la r\u00e9servation, un lien vous sera envoy\u00e9 afin que vous puissiez payer avec votre carte de cr\u00e9dit. En r\u00e8gle g\u00e9n\u00e9rale, le r\u00e8glement de la facture se fera en 2 fois. 30% \u00e0 la r\u00e9servation et 70% du reste 15 jours avant l'arriv\u00e9e. Aux tarifs d\u00e9finis comme \u00ab non remboursables \u00bb, le paiement int\u00e9gral de la location sera effectu\u00e9 \u00e0 l'avance, montant qui ne sera pas rembours\u00e9 en cas d'annulation. Pendant le processus de r\u00e9servation, vous serez inform\u00e9 du statut de \u00ab non remboursable \u00bb. Vous pouvez r\u00e9server en toute tranquillit\u00e9.<\/span><\/p><\/div><h4>Politique de confidencialit\u00e9<\/h4><div><p class=\"MsoNormal\" style=\"text-align: justify;\"><span lang=\"FR\" style=\"font-size: 10.0pt; line-height: 107%; font-family: 'Tahoma',sans-serif; mso-ansi-language: FR;\"><strong>Protection des donn\u00e9es<\/strong> : Toutes les donn\u00e9es demand\u00e9es font partie du contrat. Vos donn\u00e9es personnelles seront incorpor\u00e9es dans les fichiers de l'entreprise, afin de pouvoir vous proposer nos services.<\/span><\/p>\r\n<p class=\"MsoNormal\" style=\"text-align: justify;\"><span style=\"font-family: Tahoma, sans-serif; font-size: 10pt;\">Cette notice l\u00e9gale \u00e9tablit les conditions d'utilisation de ce site (ci-apr\u00e8s \u00ab Web \u00bb), dont A MIDA HOME, dont le si\u00e8ge social est sis Carrer de l'Aig\u00fceta, 22 1er \u00e9tage - Dtx. 2, AD500 Andorra la Vella NRT: L-708836-E, mis \u00e0 la disposition des utilisateurs.<\/span><\/p>\r\n<p class=\"MsoNormal\" style=\"text-align: justify;\"><span style=\"font-family: Tahoma, sans-serif; font-size: 10pt;\">L'acc\u00e8s au site Web conf\u00e8re le statut d'utilisateur et implique l'acceptation pleine et sans r\u00e9serve par l'utilisateur de chacune des conditions incluses dans les pr\u00e9sentes mentions l\u00e9gales.<\/span><\/p>\r\n<p class=\"MsoNormal\" style=\"text-align: justify;\"><span style=\"font-family: Tahoma, sans-serif; font-size: 10pt;\">Tous les droits de propri\u00e9t\u00e9 intellectuelle du domaine Web ainsi que son contenu appartiennent, soit \u00e0 l'entreprise, soit \u00e0 des tiers, de sorte qu'aucun utilisateur n'est autoris\u00e9 \u00e0 les utiliser, \u00e0 les imprimer ou \u00e0 les stocker. - sous eux sous tout support physique dans tous les cas autre que leur usage personnel et priv\u00e9. Par cons\u00e9quent, la modification, la d\u00e9compilation ou l'utilisation commerciale de toute partie de celui-ci est interdite.<\/span><\/p>\r\n<p class=\"MsoNormal\" style=\"text-align: justify;\"><span style=\"font-family: Tahoma, sans-serif; font-size: 10pt;\">L'utilisation du contenu du domaine Web n'est autoris\u00e9e qu'\u00e0 des fins d'information et de service, \u00e0 condition que la source soit cit\u00e9e ou mentionn\u00e9e, l'utilisateur \u00e9tant seul responsable de leur mauvaise utilisation.<\/span><\/p>\r\n<p class=\"MsoNormal\" style=\"text-align: justify;\"><span style=\"font-family: Tahoma, sans-serif; font-size: 10pt;\">Il est strictement interdit \u00e0 l'utilisateur de saisir tout type de virus dans le domaine Web, ainsi que d'essayer d'acc\u00e9der \u00e0 ses donn\u00e9es, de les modifier, d'acc\u00e9der aux comptes de messagerie, aux messages, etc.<\/span><\/p>\r\n<p class=\"MsoNormal\" style=\"text-align: justify;\"><span style=\"font-family: Tahoma, sans-serif; font-size: 10pt;\">La soci\u00e9t\u00e9 ne garantit pas la qualit\u00e9, l'exactitude, la fiabilit\u00e9, l'exactitude ou la moralit\u00e9 des donn\u00e9es, programmes, informations ou opinions, quelle qu'en soit l'origine, qui circulent \u00e0 travers son r\u00e9seau ou \u00e0 travers les r\u00e9seaux auxquels l'Utilisateur peut acc\u00e9der. sur le Web. Le Client s'engage express\u00e9ment \u00e0 d\u00e9gager la soci\u00e9t\u00e9 de toute responsabilit\u00e9 li\u00e9e au site. L'Utilisateur assume sous sa seule responsabilit\u00e9 les cons\u00e9quences, dommages ou actions pouvant r\u00e9sulter de l'acc\u00e8s \u00e0 ces contenus ainsi que de leur reproduction ou diffusion.<\/span><\/p>\r\n<p class=\"MsoNormal\" style=\"text-align: justify;\"><span style=\"font-family: Tahoma, sans-serif; font-size: 10pt;\">La soci\u00e9t\u00e9 ne sera pas responsable des violations de tout utilisateur qui affectent les droits d'un autre utilisateur du site Web, ou de tiers, y compris les droits d'auteur, les marques, les brevets, les informations confidentielles et tout autre droit de propri\u00e9t\u00e9 intellectuelle ou industriel.<\/span><\/p>\r\n<p class=\"MsoNormal\" style=\"text-align: justify;\"><span style=\"font-family: Tahoma, sans-serif; font-size: 10pt;\">La soci\u00e9t\u00e9 fera usage des actions civiles ou p\u00e9nales qui correspondent \u00e0 la loi, avant toute utilisation abusive de son domaine Web. Les litiges pouvant survenir dans ce domaine seront r\u00e9gis uniquement par le droit andorran, sous r\u00e9serve des tribunaux comp\u00e9tents.<\/span><\/p><\/div><\/div>\n\t\t\t\t\t\t<\/div>\n\t\t\t\t\t<\/div>\n\t\t<\/div>\n\t\t\t\t\t<\/div>\n\t\t<\/section>\n\t\t\t\t<\/div>\n\t\t","protected":false},"excerpt":{"rendered":"","protected":false},"author":2,"featured_media":182,"parent":0,"menu_order":0,"comment_status":"closed","ping_status":"closed","template":"","meta":{"footnotes":""},"class_list":["post-1630","page","type-page","status-publish","has-post-thumbnail","hentry"],"yoast_head":"<!-- This site is optimized with the Yoast SEO plugin v27.4 - https:\/\/yoast.com\/product\/yoast-seo-wordpress\/ -->\n<title>Conditions g\u00e9n\u00e9rales et confidentialit\u00e9 - A Mida Home - Alquiler Tur\u00edstico en Andorra<\/title>\n<meta name=\"description\" content=\"A Mida Home - Alquiler tur\u00edstico en Andorra. Descubra los mejores alojamientos en Andorra para sus vacaciones, junto a las pistas de esqu\u00ed y cerca del centro comercial.\" \/>\n<meta name=\"robots\" content=\"index, follow, max-snippet:-1, max-image-preview:large, max-video-preview:-1\" \/>\n<link rel=\"canonical\" href=\"https:\/\/amidahome.amidaviatges.ad\/fr\/conditions-generales-et-confidentialite\/\" \/>\n<meta property=\"og:locale\" content=\"fr_FR\" \/>\n<meta property=\"og:type\" content=\"article\" \/>\n<meta property=\"og:title\" content=\"Conditions g\u00e9n\u00e9rales et confidentialit\u00e9 - A Mida Home - Alquiler Tur\u00edstico en Andorra\" \/>\n<meta property=\"og:description\" content=\"A Mida Home - Alquiler tur\u00edstico en Andorra. Descubra los mejores alojamientos en Andorra para sus vacaciones, junto a las pistas de esqu\u00ed y cerca del centro comercial.\" \/>\n<meta property=\"og:url\" content=\"https:\/\/amidahome.amidaviatges.ad\/fr\/conditions-generales-et-confidentialite\/\" \/>\n<meta property=\"og:site_name\" content=\"A Mida Home - Alquiler Tur\u00edstico en Andorra\" \/>\n<meta property=\"og:image\" content=\"https:\/\/amidahome.amidaviatges.ad\/wp-content\/uploads\/2020\/10\/Amida-rrss.jpg\" \/>\n\t<meta property=\"og:image:width\" content=\"1280\" \/>\n\t<meta property=\"og:image:height\" content=\"720\" \/>\n\t<meta property=\"og:image:type\" content=\"image\/jpeg\" \/>\n<meta name=\"twitter:card\" content=\"summary_large_image\" \/>\n<script type=\"application\/ld+json\" class=\"yoast-schema-graph\">{\"@context\":\"https:\\\/\\\/schema.org\",\"@graph\":[{\"@type\":\"WebPage\",\"@id\":\"https:\\\/\\\/amidahome.amidaviatges.ad\\\/fr\\\/conditions-generales-et-confidentialite\\\/\",\"url\":\"https:\\\/\\\/amidahome.amidaviatges.ad\\\/fr\\\/conditions-generales-et-confidentialite\\\/\",\"name\":\"Conditions g\u00e9n\u00e9rales et confidentialit\u00e9 - A Mida Home - Alquiler Tur\u00edstico en Andorra\",\"isPartOf\":{\"@id\":\"https:\\\/\\\/amidahome.amidaviatges.ad\\\/fr\\\/#website\"},\"primaryImageOfPage\":{\"@id\":\"https:\\\/\\\/amidahome.amidaviatges.ad\\\/fr\\\/conditions-generales-et-confidentialite\\\/#primaryimage\"},\"image\":{\"@id\":\"https:\\\/\\\/amidahome.amidaviatges.ad\\\/fr\\\/conditions-generales-et-confidentialite\\\/#primaryimage\"},\"thumbnailUrl\":\"https:\\\/\\\/amidahome.amidaviatges.ad\\\/wp-content\\\/uploads\\\/2020\\\/10\\\/Amida-rrss.jpg\",\"datePublished\":\"2025-01-16T14:50:15+00:00\",\"description\":\"A Mida Home - Alquiler tur\u00edstico en Andorra. Descubra los mejores alojamientos en Andorra para sus vacaciones, junto a las pistas de esqu\u00ed y cerca del centro comercial.\",\"breadcrumb\":{\"@id\":\"https:\\\/\\\/amidahome.amidaviatges.ad\\\/fr\\\/conditions-generales-et-confidentialite\\\/#breadcrumb\"},\"inLanguage\":\"fr-FR\",\"potentialAction\":[{\"@type\":\"ReadAction\",\"target\":[\"https:\\\/\\\/amidahome.amidaviatges.ad\\\/fr\\\/conditions-generales-et-confidentialite\\\/\"]}]},{\"@type\":\"BreadcrumbList\",\"@id\":\"https:\\\/\\\/amidahome.amidaviatges.ad\\\/fr\\\/conditions-generales-et-confidentialite\\\/#breadcrumb\",\"itemListElement\":[{\"@type\":\"ListItem\",\"position\":1,\"name\":\"Home\",\"item\":\"https:\\\/\\\/amidahome.amidaviatges.ad\\\/fr\\\/\"},{\"@type\":\"ListItem\",\"position\":2,\"name\":\"Conditions g\u00e9n\u00e9rales et confidentialit\u00e9\"}]},{\"@type\":\"WebSite\",\"@id\":\"https:\\\/\\\/amidahome.amidaviatges.ad\\\/fr\\\/#website\",\"url\":\"https:\\\/\\\/amidahome.amidaviatges.ad\\\/fr\\\/\",\"name\":\"A Mida Home - Alquiler Tur\u00edstico en Andorra\",\"description\":\"Los mejores alojamientos en Andorra\",\"publisher\":{\"@id\":\"https:\\\/\\\/amidahome.amidaviatges.ad\\\/fr\\\/#organization\"},\"potentialAction\":[{\"@type\":\"SearchAction\",\"target\":{\"@type\":\"EntryPoint\",\"urlTemplate\":\"https:\\\/\\\/amidahome.amidaviatges.ad\\\/resultats-de-cerca\\\/?search_text={search_term_string}\"},\"query-input\":{\"@type\":\"PropertyValueSpecification\",\"valueRequired\":true,\"valueName\":\"search_term_string\"}}],\"inLanguage\":\"fr-FR\"},{\"@type\":\"Organization\",\"@id\":\"https:\\\/\\\/amidahome.amidaviatges.ad\\\/fr\\\/#organization\",\"name\":\"A Mida Home - Alquiler Tur\u00edstico en Andorra\",\"url\":\"https:\\\/\\\/amidahome.amidaviatges.ad\\\/fr\\\/\",\"logo\":{\"@type\":\"ImageObject\",\"inLanguage\":\"fr-FR\",\"@id\":\"https:\\\/\\\/amidahome.amidaviatges.ad\\\/fr\\\/#\\\/schema\\\/logo\\\/image\\\/\",\"url\":\"https:\\\/\\\/amidahome.amidaviatges.ad\\\/wp-content\\\/uploads\\\/2020\\\/10\\\/cropped-AmidaHome.png\",\"contentUrl\":\"https:\\\/\\\/amidahome.amidaviatges.ad\\\/wp-content\\\/uploads\\\/2020\\\/10\\\/cropped-AmidaHome.png\",\"width\":777,\"height\":296,\"caption\":\"A Mida Home - Alquiler Tur\u00edstico en Andorra\"},\"image\":{\"@id\":\"https:\\\/\\\/amidahome.amidaviatges.ad\\\/fr\\\/#\\\/schema\\\/logo\\\/image\\\/\"}}]}<\/script>\n<!-- \/ Yoast SEO plugin. -->","yoast_head_json":{"title":"Conditions g\u00e9n\u00e9rales et confidentialit\u00e9 - A Mida Home - Alquiler Tur\u00edstico en Andorra","description":"A Mida Home - Alquiler tur\u00edstico en Andorra. Descubra los mejores alojamientos en Andorra para sus vacaciones, junto a las pistas de esqu\u00ed y cerca del centro comercial.","robots":{"index":"index","follow":"follow","max-snippet":"max-snippet:-1","max-image-preview":"max-image-preview:large","max-video-preview":"max-video-preview:-1"},"canonical":"https:\/\/amidahome.amidaviatges.ad\/fr\/conditions-generales-et-confidentialite\/","og_locale":"fr_FR","og_type":"article","og_title":"Conditions g\u00e9n\u00e9rales et confidentialit\u00e9 - A Mida Home - Alquiler Tur\u00edstico en Andorra","og_description":"A Mida Home - Alquiler tur\u00edstico en Andorra. Descubra los mejores alojamientos en Andorra para sus vacaciones, junto a las pistas de esqu\u00ed y cerca del centro comercial.","og_url":"https:\/\/amidahome.amidaviatges.ad\/fr\/conditions-generales-et-confidentialite\/","og_site_name":"A Mida Home - Alquiler Tur\u00edstico en Andorra","og_image":[{"width":1280,"height":720,"url":"https:\/\/amidahome.amidaviatges.ad\/wp-content\/uploads\/2020\/10\/Amida-rrss.jpg","type":"image\/jpeg"}],"twitter_card":"summary_large_image","schema":{"@context":"https:\/\/schema.org","@graph":[{"@type":"WebPage","@id":"https:\/\/amidahome.amidaviatges.ad\/fr\/conditions-generales-et-confidentialite\/","url":"https:\/\/amidahome.amidaviatges.ad\/fr\/conditions-generales-et-confidentialite\/","name":"Conditions g\u00e9n\u00e9rales et confidentialit\u00e9 - A Mida Home - Alquiler Tur\u00edstico en Andorra","isPartOf":{"@id":"https:\/\/amidahome.amidaviatges.ad\/fr\/#website"},"primaryImageOfPage":{"@id":"https:\/\/amidahome.amidaviatges.ad\/fr\/conditions-generales-et-confidentialite\/#primaryimage"},"image":{"@id":"https:\/\/amidahome.amidaviatges.ad\/fr\/conditions-generales-et-confidentialite\/#primaryimage"},"thumbnailUrl":"https:\/\/amidahome.amidaviatges.ad\/wp-content\/uploads\/2020\/10\/Amida-rrss.jpg","datePublished":"2025-01-16T14:50:15+00:00","description":"A Mida Home - Alquiler tur\u00edstico en Andorra. Descubra los mejores alojamientos en Andorra para sus vacaciones, junto a las pistas de esqu\u00ed y cerca del centro comercial.","breadcrumb":{"@id":"https:\/\/amidahome.amidaviatges.ad\/fr\/conditions-generales-et-confidentialite\/#breadcrumb"},"inLanguage":"fr-FR","potentialAction":[{"@type":"ReadAction","target":["https:\/\/amidahome.amidaviatges.ad\/fr\/conditions-generales-et-confidentialite\/"]}]},{"@type":"BreadcrumbList","@id":"https:\/\/amidahome.amidaviatges.ad\/fr\/conditions-generales-et-confidentialite\/#breadcrumb","itemListElement":[{"@type":"ListItem","position":1,"name":"Home","item":"https:\/\/amidahome.amidaviatges.ad\/fr\/"},{"@type":"ListItem","position":2,"name":"Conditions g\u00e9n\u00e9rales et confidentialit\u00e9"}]},{"@type":"WebSite","@id":"https:\/\/amidahome.amidaviatges.ad\/fr\/#website","url":"https:\/\/amidahome.amidaviatges.ad\/fr\/","name":"A Mida Home - Alquiler Tur\u00edstico en Andorra","description":"Los mejores alojamientos en Andorra","publisher":{"@id":"https:\/\/amidahome.amidaviatges.ad\/fr\/#organization"},"potentialAction":[{"@type":"SearchAction","target":{"@type":"EntryPoint","urlTemplate":"https:\/\/amidahome.amidaviatges.ad\/resultats-de-cerca\/?search_text={search_term_string}"},"query-input":{"@type":"PropertyValueSpecification","valueRequired":true,"valueName":"search_term_string"}}],"inLanguage":"fr-FR"},{"@type":"Organization","@id":"https:\/\/amidahome.amidaviatges.ad\/fr\/#organization","name":"A Mida Home - Alquiler Tur\u00edstico en Andorra","url":"https:\/\/amidahome.amidaviatges.ad\/fr\/","logo":{"@type":"ImageObject","inLanguage":"fr-FR","@id":"https:\/\/amidahome.amidaviatges.ad\/fr\/#\/schema\/logo\/image\/","url":"https:\/\/amidahome.amidaviatges.ad\/wp-content\/uploads\/2020\/10\/cropped-AmidaHome.png","contentUrl":"https:\/\/amidahome.amidaviatges.ad\/wp-content\/uploads\/2020\/10\/cropped-AmidaHome.png","width":777,"height":296,"caption":"A Mida Home - Alquiler Tur\u00edstico en Andorra"},"image":{"@id":"https:\/\/amidahome.amidaviatges.ad\/fr\/#\/schema\/logo\/image\/"}}]}},"_links":{"self":[{"href":"https:\/\/amidahome.amidaviatges.ad\/fr\/wp-json\/wp\/v2\/pages\/1630","targetHints":{"allow":["GET"]}}],"collection":[{"href":"https:\/\/amidahome.amidaviatges.ad\/fr\/wp-json\/wp\/v2\/pages"}],"about":[{"href":"https:\/\/amidahome.amidaviatges.ad\/fr\/wp-json\/wp\/v2\/types\/page"}],"author":[{"embeddable":true,"href":"https:\/\/amidahome.amidaviatges.ad\/fr\/wp-json\/wp\/v2\/users\/2"}],"replies":[{"embeddable":true,"href":"https:\/\/amidahome.amidaviatges.ad\/fr\/wp-json\/wp\/v2\/comments?post=1630"}],"version-history":[{"count":1,"href":"https:\/\/amidahome.amidaviatges.ad\/fr\/wp-json\/wp\/v2\/pages\/1630\/revisions"}],"predecessor-version":[{"id":1631,"href":"https:\/\/amidahome.amidaviatges.ad\/fr\/wp-json\/wp\/v2\/pages\/1630\/revisions\/1631"}],"wp:featuredmedia":[{"embeddable":true,"href":"https:\/\/amidahome.amidaviatges.ad\/fr\/wp-json\/wp\/v2\/media\/182"}],"wp:attachment":[{"href":"https:\/\/amidahome.amidaviatges.ad\/fr\/wp-json\/wp\/v2\/media?parent=1630"}],"curies":[{"name":"wp","href":"https:\/\/api.w.org\/{rel}","templated":true}]}}